{"id":456,"date":"2023-02-10T10:26:04","date_gmt":"2023-02-10T06:26:04","guid":{"rendered":"https:\/\/onelove.mu\/?page_id=456"},"modified":"2023-02-10T10:28:32","modified_gmt":"2023-02-10T06:28:32","slug":"terms-conditions","status":"publish","type":"page","link":"https:\/\/onelove.mu\/fr\/terms-conditions\/","title":{"rendered":"termes et conditions"},"content":{"rendered":"<ol class=\"wp-block-list\" type=\"1\">\n<li><strong>Introduction<\/strong><\/li>\n<\/ol>\n\n\n\n<p>Les pr\u00e9sentes conditions g\u00e9n\u00e9rales r\u00e9gissent l&#039;utilisation de OneLove.mu, qui est d\u00e9tenu et exploit\u00e9 par One Love Tours Ltd bas\u00e9 \u00e0 Maurice.<\/p>\n\n\n\n<p>En acc\u00e9dant et en utilisant ce site Web, vous reconnaissez que vous avez lu, compris et accept\u00e9 d&#039;\u00eatre li\u00e9 par ces termes et conditions. Si vous n&#039;acceptez pas ces termes et conditions, veuillez ne pas utiliser ce site Web.<\/p>\n\n\n\n<p><strong>2. Modifications des conditions g\u00e9n\u00e9rales<\/strong><\/p>\n\n\n\n<p>One Love Tours Ltd se r\u00e9serve le droit de modifier ces termes et conditions \u00e0 tout moment, et votre utilisation continue de ce site Web apr\u00e8s toute modification indique votre acceptation des nouveaux termes et conditions.<\/p>\n\n\n\n<p><strong>3. Descriptions des produits<\/strong><\/p>\n\n\n\n<p>OneLove.mu tente d&#039;\u00eatre aussi pr\u00e9cis que possible dans ses descriptions de produits. Cependant, One Love Tours Ltd ne garantit pas que les descriptions de produits ou tout autre contenu de ce site Web sont exempts d&#039;erreurs, complets, fiables, \u00e0 jour ou exempts d&#039;autres inexactitudes.<\/p>\n\n\n\n<p>4. <strong>Tarifs<\/strong><\/p>\n\n\n\n<p>Les prix affich\u00e9s sur OneLove.mu sont indiqu\u00e9s en roupies mauriciennes (MUR).<\/p>\n\n\n\n<p>Les prix sont sujets \u00e0 changement sans pr\u00e9avis.<\/p>\n\n\n\n<p><strong>5. Paiement<\/strong><\/p>\n\n\n\n<p>OneLove.mu accepte les Master Cards, Visa et American Express<\/p>\n\n\n\n<p>Le paiement doit \u00eatre re\u00e7u par One Love Tours Ltd avant 5 jours avant.<\/p>\n\n\n\n<p><strong>6. Retours et remboursements<\/strong><\/p>\n\n\n\n<p>Notre politique de retour et de remboursement pour les excursions en bateau r\u00e9serv\u00e9es via OneLove.mu est la suivante\u00a0:&nbsp;<\/p>\n\n\n\n<ul class=\"wp-block-list\">\n<li>Annulation gratuite jusqu&#039;\u00e0 7 jours avant la date de l&#039;excursion.<\/li>\n<\/ul>\n\n\n\n<p><strong>7. Confirmation de r\u00e9servation<\/strong><\/p>\n\n\n\n<p>Une fois la r\u00e9servation effectu\u00e9e sur OneLove.mu, un e-mail de confirmation sera envoy\u00e9 \u00e0 l&#039;adresse e-mail fournie au moment de la r\u00e9servation. Il est de la responsabilit\u00e9 du client de s&#039;assurer que l&#039;adresse e-mail fournie est correcte et de v\u00e9rifier l&#039;e-mail de confirmation.<\/p>\n\n\n\n<p>8. <strong>Sant\u00e9 et s\u00e9curit\u00e9<\/strong><\/p>\n\n\n\n<p>Les participants doivent suivre toutes les instructions de sant\u00e9 et de s\u00e9curit\u00e9 fournies par One Love Tours Ltd et ses employ\u00e9s pendant l&#039;excursion en bateau.<\/p>\n\n\n\n<p>Les participants doivent informer One Love Tours Ltd de tout probl\u00e8me de sant\u00e9 ou handicap pouvant affecter leur capacit\u00e9 \u00e0 participer \u00e0 l&#039;excursion en bateau.<\/p>\n\n\n\n<p>Les participants comprennent que les excursions en bateau comportent des risques inh\u00e9rents et qu&#039;ils participent \u00e0 leurs propres risques.<\/p>\n\n\n\n<p>9. <strong>Responsabilit\u00e9<\/strong><\/p>\n\n\n\n<p>One Love Tours Ltd ne sera pas responsable de toute perte, dommage ou blessure subie par les participants lors de l&#039;excursion en bateau, sauf dans les cas o\u00f9 la perte, le dommage ou la blessure a \u00e9t\u00e9 caus\u00e9 par une n\u00e9gligence grave ou une faute intentionnelle de One Love Tours Ltd ou ses salari\u00e9s.<\/p>\n\n\n\n<p><strong>10. Litiges<\/strong><\/p>\n\n\n\n<p>Tout litige d\u00e9coulant de ou en relation avec l&#039;utilisation de OneLove.mu ou les excursions en bateau propos\u00e9es via OneLove.mu sera r\u00e9gi par les lois de Maurice.<\/p>\n\n\n\n<p>11. <strong>Coordonn\u00e9es<\/strong><\/p>\n\n\n\n<p>Si vous avez des questions ou des commentaires concernant ces conditions g\u00e9n\u00e9rales, veuillez contacter One Love Tours Ltd au&nbsp;<a href=\"mailto:info@onelove.mu\">info@onelove.mu<\/a>&nbsp;ou appelez le +230 5984 1213&nbsp;<\/p>","protected":false},"excerpt":{"rendered":"<p>These Terms and Conditions govern the use of OneLove.mu, which is owned and operated by One Love Tours Ltd based in Mauritius. By accessing and using this website, you acknowledge that you have read, understood, and agree to be bound by these Terms and Conditions. If you do not agree to these Terms and Conditions, [&hellip;]<\/p>\n","protected":false},"author":3,"featured_media":0,"parent":0,"menu_order":0,"comment_status":"closed","ping_status":"closed","template":"","meta":{"footnotes":""},"class_list":["post-456","page","type-page","status-publish","hentry"],"_links":{"self":[{"href":"https:\/\/onelove.mu\/fr\/wp-json\/wp\/v2\/pages\/456","targetHints":{"allow":["GET"]}}],"collection":[{"href":"https:\/\/onelove.mu\/fr\/wp-json\/wp\/v2\/pages"}],"about":[{"href":"https:\/\/onelove.mu\/fr\/wp-json\/wp\/v2\/types\/page"}],"author":[{"embeddable":true,"href":"https:\/\/onelove.mu\/fr\/wp-json\/wp\/v2\/users\/3"}],"replies":[{"embeddable":true,"href":"https:\/\/onelove.mu\/fr\/wp-json\/wp\/v2\/comments?post=456"}],"version-history":[{"count":0,"href":"https:\/\/onelove.mu\/fr\/wp-json\/wp\/v2\/pages\/456\/revisions"}],"wp:attachment":[{"href":"https:\/\/onelove.mu\/fr\/wp-json\/wp\/v2\/media?parent=456"}],"curies":[{"name":"wp","href":"https:\/\/api.w.org\/{rel}","templated":true}]}}