{"id":263,"date":"2022-09-11T20:46:00","date_gmt":"2022-09-11T20:46:00","guid":{"rendered":"https:\/\/onelove.mu\/?post_type=product&#038;p=263"},"modified":"2025-12-18T21:10:51","modified_gmt":"2025-12-18T17:10:51","slug":"speedboat-individual","status":"publish","type":"product","link":"https:\/\/onelove.mu\/fr\/activities\/speedboat-individual\/","title":{"rendered":"Speedboat Individuel"},"content":{"rendered":"<p><strong>Menu standard\u00a0:<\/strong> Poulet BBQ, Poisson grill\u00e9, salades vari\u00e9es, riz au safran, pain grill\u00e9 au beurre \u00e0 l&#039;ail, banane flamb\u00e9e.<\/p>\n<p><strong>Menu V\u00e9g\u00e9tarien<\/strong> Selon l&#039;inspiration du chef<\/p>\n<p><strong>Boissons:<\/strong> bi\u00e8re, punch coco, Coca, Coca light, Sprite, jus de fruits, eau min\u00e9rale et vin local au d\u00e9jeuner<\/p>","protected":false},"excerpt":{"rendered":"<p><strong><em>Vous partagerez le bateau avec d\u2019autres participants \u2013 maximum 14 participants \u00e0 bord : 125 \u20ac par personne<\/em><\/strong><\/p>\n<p><strong><em><u>ITIN\u00c9RAIRE\u00a0<\/u><\/em><\/strong><strong><u>:<\/u><\/strong><\/p>\n<p><em>D\u00e9part de Pointe J\u00e9r\u00f4me \u00e0 9h30 \/ Plong\u00e9e dans le parc marin de Blue-Bay ou dans le site aquatique de Trou Moutou \/ Ile au Phare (descente sur l'\u00eele) \/ Ile de la Passe (Conte de la Bataille de Vieux-Grand - Port) \/ Cascade du GRSE \/ D\u00e9jeuner sur l'Ile aux Cerf (c\u00f4te sauvage de l'\u00eele) \/ Ile aux Cerfs (temps libre d'environ 1h sur la c\u00f4te touristique de l'Ile aux Cerf) \/ Ile aux Aigrettes (baignade, d\u00e9tente et farniente autour l'\u00eele) \/ Retour \u00e0 Pointe J\u00e9r\u00f4me \u00e0 16h<\/em><\/p>\n<p>&nbsp;<\/p>\n<p>&nbsp;<\/p>","protected":false},"featured_media":412,"comment_status":"open","ping_status":"closed","template":"","meta":[],"product_brand":[],"product_cat":[16,27],"product_tag":[],"class_list":{"0":"post-263","1":"product","2":"type-product","3":"status-publish","4":"has-post-thumbnail","6":"product_cat-boat-activities","7":"product_cat-speedboat","8":"aux-has-gallery","9":"tm-has-options","11":"first","12":"instock","13":"shipping-taxable","14":"purchasable","15":"product-type-simple"},"_links":{"self":[{"href":"https:\/\/onelove.mu\/fr\/wp-json\/wp\/v2\/product\/263","targetHints":{"allow":["GET"]}}],"collection":[{"href":"https:\/\/onelove.mu\/fr\/wp-json\/wp\/v2\/product"}],"about":[{"href":"https:\/\/onelove.mu\/fr\/wp-json\/wp\/v2\/types\/product"}],"replies":[{"embeddable":true,"href":"https:\/\/onelove.mu\/fr\/wp-json\/wp\/v2\/comments?post=263"}],"wp:featuredmedia":[{"embeddable":true,"href":"https:\/\/onelove.mu\/fr\/wp-json\/wp\/v2\/media\/412"}],"wp:attachment":[{"href":"https:\/\/onelove.mu\/fr\/wp-json\/wp\/v2\/media?parent=263"}],"wp:term":[{"taxonomy":"product_brand","embeddable":true,"href":"https:\/\/onelove.mu\/fr\/wp-json\/wp\/v2\/product_brand?post=263"},{"taxonomy":"product_cat","embeddable":true,"href":"https:\/\/onelove.mu\/fr\/wp-json\/wp\/v2\/product_cat?post=263"},{"taxonomy":"product_tag","embeddable":true,"href":"https:\/\/onelove.mu\/fr\/wp-json\/wp\/v2\/product_tag?post=263"}],"curies":[{"name":"wp","href":"https:\/\/api.w.org\/{rel}","templated":true}]}}