{"id":518,"date":"2024-01-03T16:38:02","date_gmt":"2024-01-03T12:38:02","guid":{"rendered":"https:\/\/onelove.mu\/?post_type=product&#038;p=518"},"modified":"2026-04-03T21:39:56","modified_gmt":"2026-04-03T17:39:56","slug":"speedboat-exclusive-icon-33","status":"publish","type":"product","link":"https:\/\/onelove.mu\/fr\/activities\/speedboat-exclusive-icon-33\/","title":{"rendered":"Ic\u00f4ne exclusive 33 du hors-bord"},"content":{"rendered":"<p style=\"font-weight: 400;\"><strong>Menu standard\u00a0:<\/strong>\u00a0 40 \u20ac par personne (Poulet BBQ, Poisson grill\u00e9, salades vari\u00e9es, riz au safran, pain grill\u00e9 au beurre \u00e0 l&#039;ail, banane flamb\u00e9e et fruits de saison).<\/p>\n<p><strong>Menu V\u00e9g\u00e9tarien<\/strong> 40 \u20ac par personne (selon l&#039;inspiration du chef)<\/p>\n<p style=\"font-weight: 400;\"><strong>Menu VIP:<\/strong> 125 \u20ac par personne (Toast marlin fum\u00e9, cocktail de crevettes, salade de fruits de mer, poisson grill\u00e9, gambas (350gr), homard entier (500gr), banane flamb\u00e9e, fruits de saison).<\/p>\n<p>&nbsp;<\/p>\n<p style=\"font-weight: 400;\"><strong>***Boissons:<\/strong>\u00a0bi\u00e8re, punch coco, Coca, Coca light, Sprite, jus de fruits, eau min\u00e9rale et vin local au d\u00e9jeuner<\/p>\n<p>&nbsp;<\/p>\n<p><strong><em>TARIF :<\/em><\/strong><br \/>\n-\u20ac 1250 Rs jusqu&#039;\u00e0 8 personnes<br \/>\n-\u20ac 1375 Rs jusqu&#039;\u00e0 9 personnes<br \/>\n-\u20ac 1500 Rs jusqu&#039;\u00e0 10 personnes<br \/>\n-\u20ac 1625 Rs jusqu&#039;\u00e0 11 personnes<br \/>\n-\u20ac 1750 Rs jusqu&#039;\u00e0 12 personnes<\/p>\n<p>&nbsp;<\/p>","protected":false},"excerpt":{"rendered":"<p><i><span lang=\"FR\">Privatisation du bateau\u00a0<\/span><\/i><\/p>\n<p><i><span lang=\"FR\">D\u00e9part de la Pointe J\u00e9r\u00f4me \u00e0 9h30 \/ Plong\u00e9e au site aquatique de Trou Moutou \/ Cascade GRSE \/ D\u00e9jeuner sur la plage de l&#039;Ile aux Cerfs \/ Ile aux Cerfs (temps libre de 1h maximum) \/ Retour \u00e0 la Pointe J\u00e9r\u00f4me \u00e0 16h<\/span><\/i><\/p>\n<p><i><span lang=\"FR\">Cette formule est disponible exclusivement avec un maximum de 12 participants.<\/span><\/i><\/p>\n<p id=\"tw-target-text\" class=\"tw-data-text tw-text-large tw-ta\" dir=\"ltr\" data-placeholder=\"Translation\" data-ved=\"2ahUKEwjA4ZHcnsGDAxXnTKQEHa6CDtYQ3ewLegQIBRAQ\"><em><span class=\"Y2IQFc\" lang=\"en\">ICON 33 \u00e9quip\u00e9 de 3 moteurs de 150 CV.<\/span><\/em><\/p>\n<p id=\"tw-target-text\" class=\"tw-data-text tw-text-large tw-ta\" dir=\"ltr\" data-placeholder=\"Translation\" data-ved=\"2ahUKEwjA4ZHcnsGDAxXnTKQEHa6CDtYQ3ewLegQIBRAQ\"><em><span class=\"Y2IQFc\" lang=\"en\">Toilettes \u00e0 bord. <\/span><\/em><\/p>\n<p class=\"tw-data-text tw-text-large tw-ta\" dir=\"ltr\" data-placeholder=\"Translation\" data-ved=\"2ahUKEwjA4ZHcnsGDAxXnTKQEHa6CDtYQ3ewLegQIBRAQ\"><em><span class=\"Y2IQFc\" lang=\"en\">Pont avant disponible sur demande. Table arri\u00e8re et avant disponible sur demande.<\/span><\/em><\/p>","protected":false},"featured_media":529,"comment_status":"open","ping_status":"closed","template":"","meta":[],"product_brand":[],"product_cat":[16,27],"product_tag":[],"class_list":{"0":"post-518","1":"product","2":"type-product","3":"status-publish","4":"has-post-thumbnail","6":"product_cat-boat-activities","7":"product_cat-speedboat","8":"aux-has-gallery","9":"tm-has-options","11":"first","12":"instock","13":"shipping-taxable","14":"purchasable","15":"product-type-simple"},"_links":{"self":[{"href":"https:\/\/onelove.mu\/fr\/wp-json\/wp\/v2\/product\/518","targetHints":{"allow":["GET"]}}],"collection":[{"href":"https:\/\/onelove.mu\/fr\/wp-json\/wp\/v2\/product"}],"about":[{"href":"https:\/\/onelove.mu\/fr\/wp-json\/wp\/v2\/types\/product"}],"replies":[{"embeddable":true,"href":"https:\/\/onelove.mu\/fr\/wp-json\/wp\/v2\/comments?post=518"}],"wp:featuredmedia":[{"embeddable":true,"href":"https:\/\/onelove.mu\/fr\/wp-json\/wp\/v2\/media\/529"}],"wp:attachment":[{"href":"https:\/\/onelove.mu\/fr\/wp-json\/wp\/v2\/media?parent=518"}],"wp:term":[{"taxonomy":"product_brand","embeddable":true,"href":"https:\/\/onelove.mu\/fr\/wp-json\/wp\/v2\/product_brand?post=518"},{"taxonomy":"product_cat","embeddable":true,"href":"https:\/\/onelove.mu\/fr\/wp-json\/wp\/v2\/product_cat?post=518"},{"taxonomy":"product_tag","embeddable":true,"href":"https:\/\/onelove.mu\/fr\/wp-json\/wp\/v2\/product_tag?post=518"}],"curies":[{"name":"wp","href":"https:\/\/api.w.org\/{rel}","templated":true}]}}